{"id":4087,"date":"2020-09-25T00:50:49","date_gmt":"2020-09-25T00:50:49","guid":{"rendered":"http:\/\/blog.doscucharadasymedia.com\/?page_id=4087"},"modified":"2020-11-24T22:00:19","modified_gmt":"2020-11-24T22:00:19","slug":"innovacion","status":"publish","type":"page","link":"https:\/\/vepinsa.com.mx\/en\/innovacion\/","title":{"rendered":"INNOVATION"},"content":{"rendered":"<!-- CWS Row --><div class=\"cws-content\" style=\"background-size:;\"><div data-vc-full-width=\"true\" data-vc-full-width-init=\"false\" class=\"vc_row wpb_row vc_row-fluid vc_custom_1528353495885 vc_row-o-equal-height vc_row-flex\"><div class=\"wpb_column vc_column_container vc_col-sm-6 vc_col-has-padding cws-column\"><div class=\"cws_vc_column-inner vc_custom_1533901088180\"><div class=\"wpb_column vc_column_container vc_col-sm-6\"><div class=\"vc_column-inner vc_custom_1533901088180\"><div class=\"wpb_wrapper\"><div class='cws_textmodule cws_vc_shortcode_module' id='cws_textmodule_69ee662e012b5'><div class='cws_textmodule_wrapper add_divider'><div class='cws_textmodule_text text_align_left'><div class='cws_textmodule_titles display_block'><h4 class='cws_textmodule_subtitle'>KNOW OUR QUALITY CONTROL<\/h4><h3 class='cws_textmodule_title translation-block'><strong>Vepinsa<\/strong> Innovation<\/h3><\/div><div class='cws_textmodule_content'><div class='text_content_wrapper'><ul class=\"square_style\">\n<li>For the benefit of the industry, Vepinsa constantly works to improve its production processes to lower costs and maintain excellence in\nquality. Our clients make good use of the regular visits by our highly trained technical staff.<\/li>\n<\/ul>\n<h2>Quality Control<\/h2>\n<p>Our Quality Control Department monitors and controls every aspect of the production process; from the selection of raw materials to\nthe rigorous certification of each of our products, ensuring their consistency and global quality. The company has been certified by ISO:\n9001-2008 since 2010 and ISO: 9001-2015 since 2017.<\/p>\n<\/div><\/div><\/div><\/div><\/div><\/div><\/div><\/div><!-- CWS Column --> <\/div><\/div><div class=\"wpb_column vc_column_container vc_col-sm-6 vc_col-has-fill vc_col-first-place cws-column\" style='background-repeat:no-repeat;background-size:cover;background-position:50% 50%;'><div class=\"cws_vc_column-inner vc_custom_1606255143544\"><div class=\"wpb_column vc_column_container vc_col-sm-6 vc_col-has-fill\"><div class=\"vc_column-inner vc_custom_1606255143544\"><div class=\"wpb_wrapper\"><\/div><\/div><\/div><!-- CWS Column --> <div class='cws-overlay-bg' style='background-color:;'><\/div><\/div><\/div><\/div><div class=\"vc_row-full-width vc_clearfix\"><\/div><\/div><!-- CWS Row --><div class=\"cws-content\" style=\"background-repeat:no-repeat;background-size:cover;background-position:50% 100%;\"><div data-vc-full-width=\"true\" data-vc-full-width-init=\"false\" class=\"vc_row wpb_row vc_row-fluid vc_custom_1606254570292 vc_row-has-fill vc_row-o-equal-height vc_row-flex\"><div class='cws-overlay-bg' style='background-color:rgba(255,106,2,0.8);'><\/div><div class=\"wpb_column vc_column_container vc_col-sm-12 cws-column\"><div class=\"cws_vc_column-inner\"><div class=\"wpb_column vc_column_container vc_col-sm-12\"><div class=\"vc_column-inner\"><div class=\"wpb_wrapper\"><div class='cws_textmodule cws_vc_shortcode_module  vc_custom_1601008236392' id='cws_textmodule_69ee662e0198a'><div class='cws_textmodule_wrapper'><div class='cws_textmodule_text text_align_center'><div class='cws_textmodule_titles display_block'><\/div><div class='cws_textmodule_content'><div class='text_content_wrapper'><h2 style=\"text-align: center;\"><span style=\"color: #ffffff;\">We provide our clients with an equipped research and development laboratory.<\/span><\/h2>\n<\/div><\/div><\/div><\/div><\/div><\/div><\/div><\/div><!-- CWS Column --> <\/div><\/div><\/div><div class=\"vc_row-full-width vc_clearfix\"><\/div><\/div><!-- CWS Row --><div class=\"cws-content\" style=\"background-size:;\"><div data-vc-full-width=\"true\" data-vc-full-width-init=\"false\" class=\"vc_row wpb_row vc_row-fluid vc_custom_1528353495885 vc_row-o-equal-height vc_row-flex\"><div class=\"wpb_column vc_column_container vc_col-sm-6 vc_col-has-fill vc_col-has-padding vc_col-first-place cws-column\" style='background-repeat:no-repeat;background-size:cover;background-position:50% 50%;'><div class=\"cws_vc_column-inner vc_custom_1606255199421\"><div class=\"wpb_column vc_column_container vc_col-sm-6 vc_col-has-fill\"><div class=\"vc_column-inner vc_custom_1606255199421\"><div class=\"wpb_wrapper\"><\/div><\/div><\/div><!-- CWS Column --> <div class='cws-overlay-bg' style='background-color:;'><\/div><\/div><\/div><div class=\"wpb_column vc_column_container vc_col-sm-6 vc_col-has-padding cws-column\"><div class=\"cws_vc_column-inner vc_custom_1533901088180\"><div class=\"wpb_column vc_column_container vc_col-sm-6\"><div class=\"vc_column-inner vc_custom_1533901088180\"><div class=\"wpb_wrapper\"><div class='cws_textmodule cws_vc_shortcode_module  vc_custom_1601007510829' id='cws_textmodule_69ee662e01ffc'><div class='cws_textmodule_wrapper'><div class='cws_textmodule_text text_align_left'><div class='cws_textmodule_titles display_block'><\/div><div class='cws_textmodule_content'><div class='text_content_wrapper'><ul class=\"square_style\">\n<li>The development and investigation Department has managed to obtain several patents for different products.<\/li>\n<\/ul>\n<h2>Development and Investigation<\/h2>\n<p>Using cutting-edge technology and the most rigorous scientific standards to improve the quality of our products, we have been able to obtain several product patents. Likewise, we seek to faithfully adapt them to the requirements of our clients.<\/p>\n<p>Vepinsa recently developed a process to produce purified lutein in free and ester forms. This lutein is added to nutraceutical products for eye health and for the prevention of macular degeneration of advanced age.<\/p>\n<\/div><\/div><\/div><\/div><\/div><\/div><\/div><\/div><!-- CWS Column --> <\/div><\/div><\/div><div class=\"vc_row-full-width vc_clearfix\"><\/div><\/div>","protected":false},"excerpt":{"rendered":"Conoce nuestro estricto control de calidad eInnovaci\u00f3n Vepinsa En beneficio de la industria, Vepinsa constantemente labora por mejorar sus procesos de producci\u00f3n para bajar costos y mantener la excelencia en la calidad. Nuestros clientes aprovechan las visitas peri\u00f3dicas de nuestro personal t\u00e9cnico altamente capacitado. Control de Calidad Nuestro Departamento de Control de Calidad monitorea y controla cada aspecto del proceso de producci\u00f3n; desde la selecci\u00f3n de las materias primas hasta la certificaci\u00f3n rigurosa de cada uno de nuestros productos, asegurando as\u00ed la consistencia y calidad mundial de los mismos.\u00a0La empresa ha estado certificada por ISO:9001-2008 desde el a\u00f1o 2010 y en ISO:9001-2015 desde 2017. Ponemos a disposici\u00f3n de nuestros clientes un bien equipado laboratorio de investigaci\u00f3n y desarrollo. El Departamento de Investigaci\u00f3n y Desarrollo\u00a0ha logrado obtener varias patentes de diferentes productos. Investigaci\u00f3n y Desarrollo Utilizando tecnolog\u00eda de vanguardia y los est\u00e1ndares cient\u00edficos m\u00e1s rigurosos para mejorar la calidad de nuestros productos hemos logrado obtener varias patentes de productos, De igual forma buscamos adaptarlos fielmente a los requerimientos de nuestros clientes. Vepinsa recientemente desarroll\u00f3 un proceso para producir lute\u00edna purificada en formas libres y de \u00e9steres. Esta lute\u00edna se a\u00f1ade a productos nutrac\u00e9uticos para la salud ocular y para la prevenci\u00f3n de degeneraci\u00f3n macular por edad avanzada.","protected":false},"author":1,"featured_media":0,"parent":0,"menu_order":0,"comment_status":"closed","ping_status":"closed","template":"","meta":[],"_links":{"self":[{"href":"https:\/\/vepinsa.com.mx\/en\/wp-json\/wp\/v2\/pages\/4087"}],"collection":[{"href":"https:\/\/vepinsa.com.mx\/en\/wp-json\/wp\/v2\/pages"}],"about":[{"href":"https:\/\/vepinsa.com.mx\/en\/wp-json\/wp\/v2\/types\/page"}],"author":[{"embeddable":true,"href":"https:\/\/vepinsa.com.mx\/en\/wp-json\/wp\/v2\/users\/1"}],"replies":[{"embeddable":true,"href":"https:\/\/vepinsa.com.mx\/en\/wp-json\/wp\/v2\/comments?post=4087"}],"version-history":[{"count":0,"href":"https:\/\/vepinsa.com.mx\/en\/wp-json\/wp\/v2\/pages\/4087\/revisions"}],"wp:attachment":[{"href":"https:\/\/vepinsa.com.mx\/en\/wp-json\/wp\/v2\/media?parent=4087"}],"curies":[{"name":"wp","href":"https:\/\/api.w.org\/{rel}","templated":true}]}}