{"id":4268,"date":"2020-10-24T00:25:00","date_gmt":"2020-10-24T00:25:00","guid":{"rendered":"http:\/\/blog.doscucharadasymedia.com\/?page_id=4268"},"modified":"2025-08-07T20:09:39","modified_gmt":"2025-08-07T20:09:39","slug":"contacto","status":"publish","type":"page","link":"https:\/\/vepinsa.com.mx\/en\/contacto\/","title":{"rendered":"Contacto"},"content":{"rendered":"<!-- CWS Row --><div class=\"cws-content\" style=\"background-size:;\"><div data-vc-full-width=\"true\" data-vc-full-width-init=\"false\" class=\"vc_row wpb_row vc_row-fluid vc_custom_1604001013109 vc_row-o-equal-height vc_row-flex\"><div class=\"wpb_column vc_column_container vc_col-sm-12 vc_col-has-padding cws-column\"><div class=\"cws_vc_column-inner vc_custom_1533901088180\"><div class=\"wpb_column vc_column_container vc_col-sm-12\"><div class=\"vc_column-inner vc_custom_1533901088180\"><div class=\"wpb_wrapper\"><div class='cws_textmodule cws_vc_shortcode_module  vc_custom_1604609872703' id='cws_textmodule_69ee6179a5a84'><div class='cws_textmodule_wrapper add_divider'><div class='cws_textmodule_text text_align_left'><div class='cws_textmodule_titles display_block'><h4 class='cws_textmodule_subtitle'>We would love to work with you<\/h4><h3 class='cws_textmodule_title'><strong>Do you have a project in development? Contact us<\/strong><\/h3><\/div><div class='cws_textmodule_content'><div class='text_content_wrapper'><p>Send us a message and one of our advisors will contact you shortly.<\/p>\n<\/div><\/div><\/div><\/div><\/div><\/div><\/div><\/div><!-- CWS Column --> <\/div><\/div><\/div><div class=\"vc_row-full-width vc_clearfix\"><\/div><\/div><!-- CWS Row --><div class=\"cws-content\" style=\"background-size:;\"><div data-vc-full-width=\"true\" data-vc-full-width-init=\"false\" class=\"vc_row wpb_row vc_row-fluid vc_custom_1604001052689 vc_row-o-equal-height vc_row-flex\"><div class=\"wpb_column vc_column_container vc_col-sm-12 vc_col-has-padding cws-column\"><div class=\"cws_vc_column-inner vc_custom_1533901088180\"><div class=\"wpb_column vc_column_container vc_col-sm-12\"><div class=\"vc_column-inner vc_custom_1533901088180\"><div class=\"wpb_wrapper\"><div role=\"form\" class=\"wpcf7\" id=\"wpcf7-f4561-o1\" lang=\"en-US\" dir=\"ltr\">\n<div class=\"screen-reader-response\"><p role=\"status\" aria-live=\"polite\" aria-atomic=\"true\"><\/p> <ul><\/ul><\/div>\n<form action=\"\/en\/wp-json\/wp\/v2\/pages\/4268#wpcf7-f4561-o1\" method=\"post\" class=\"wpcf7-form init\" novalidate=\"novalidate\" data-status=\"init\" data-trp-original-action=\"\/en\/wp-json\/wp\/v2\/pages\/4268#wpcf7-f4561-o1\">\n<div style=\"display: none;\">\n<input type=\"hidden\" name=\"_wpcf7\" value=\"4561\" \/>\n<input type=\"hidden\" name=\"_wpcf7_version\" value=\"5.3.1\" \/>\n<input type=\"hidden\" name=\"_wpcf7_locale\" value=\"en_US\" \/>\n<input type=\"hidden\" name=\"_wpcf7_unit_tag\" value=\"wpcf7-f4561-o1\" \/>\n<input type=\"hidden\" name=\"_wpcf7_container_post\" value=\"0\" \/>\n<input type=\"hidden\" name=\"_wpcf7_posted_data_hash\" value=\"\" \/>\n<input type=\"hidden\" name=\"_wpcf7_recaptcha_response\" value=\"\" \/>\n<\/div>\n<p><span class=\"wpcf7-form-control-wrap text-577\"><input type=\"text\" name=\"text-577\" value=\"\" size=\"40\" class=\"wpcf7-form-control wpcf7-text wpcf7-validates-as-required cws_width_50\" aria-required=\"true\" aria-invalid=\"false\" placeholder=\"Name\" \/><\/span><\/p>\n<p><span class=\"wpcf7-form-control-wrap text-578\"><input type=\"text\" name=\"text-578\" value=\"\" size=\"40\" class=\"wpcf7-form-control wpcf7-text wpcf7-validates-as-required cws_width_50\" aria-required=\"true\" aria-invalid=\"false\" placeholder=\"Company\" \/><\/span><\/p>\n<p><span class=\"wpcf7-form-control-wrap Telefono\"><input type=\"tel\" name=\"Telefono\" value=\"\" size=\"40\" class=\"wpcf7-form-control wpcf7-text wpcf7-tel wpcf7-validates-as-required wpcf7-validates-as-tel cws_width_50\" aria-required=\"true\" aria-invalid=\"false\" placeholder=\"Phone\" \/><\/span><\/p>\n<p><span class=\"wpcf7-form-control-wrap mail-577\"><input type=\"email\" name=\"mail-577\" value=\"\" size=\"40\" class=\"wpcf7-form-control wpcf7-text wpcf7-email wpcf7-validates-as-required wpcf7-validates-as-email cws_width_50\" aria-required=\"true\" aria-invalid=\"false\" placeholder=\"E-mail\" \/><\/span><\/p>\n<p><span class=\"wpcf7-form-control-wrap menu-296\"><select name=\"menu-296\" class=\"wpcf7-form-control wpcf7-select wpcf7-validates-as-required\" aria-required=\"true\" aria-invalid=\"false\"><option value=\"Productos de consumo animal\">Animal consumption products<\/option><option value=\"Productos de consumo humano\">Products for human consumption<\/option><option value=\"Productos de consumo agr\u00edcola\">Agricultural consumer products<\/option><\/select><\/span><\/p>\n<p><span class=\"wpcf7-form-control-wrap textarea-60\"><textarea name=\"textarea-60\" cols=\"40\" rows=\"4\" class=\"wpcf7-form-control wpcf7-textarea\" aria-invalid=\"false\" placeholder=\"Message or Questions\"><\/textarea><\/span><\/p>\n<p><input type=\"submit\" value=\"SEND\" class=\"wpcf7-form-control wpcf7-submit cws_submit cws_first_color\" \/><\/p>\n<div class=\"wpcf7-response-output\" aria-hidden=\"true\"><\/div><input type=\"hidden\" name=\"trp-form-language\" value=\"en\"\/><\/form><\/div><\/div><\/div><\/div><!-- CWS Column --> <\/div><\/div><\/div><div class=\"vc_row-full-width vc_clearfix\"><\/div><\/div><!-- CWS Row --><div class=\"cws-content\" style=\"background-size:;\"><div data-vc-full-width=\"true\" data-vc-full-width-init=\"false\" class=\"vc_row wpb_row vc_row-fluid vc_custom_1605630857432 vc_row-o-equal-height vc_row-flex\"><div class=\"wpb_column vc_column_container vc_col-sm-12 vc_col-has-padding cws-column\"><div class=\"cws_vc_column-inner vc_custom_1533901088180\"><div class=\"wpb_column vc_column_container vc_col-sm-12\"><div class=\"vc_column-inner vc_custom_1533901088180\"><div class=\"wpb_wrapper\"><div class='cws_textmodule cws_vc_shortcode_module' id='cws_textmodule_69ee6179a6a36'><div class='cws_textmodule_wrapper add_divider'><div class='cws_textmodule_text text_align_left'><div class='cws_textmodule_titles display_block'><h3 class='cws_textmodule_title translation-block'>Location of <strong>Vepinsa<\/strong><\/h3><\/div><\/div><\/div><\/div><\/div><\/div><\/div><!-- CWS Column --> <\/div><\/div><\/div><div class=\"vc_row-full-width vc_clearfix\"><\/div><\/div><!-- CWS Row --><div class=\"cws-content\" style=\"background-size:;\"><div class=\"vc_row wpb_row vc_row-fluid vc_custom_1603999504715\"><div class=\"wpb_column vc_column_container vc_col-sm-6 cws-column\"><div class=\"cws_vc_column-inner\"><div class=\"wpb_column vc_column_container vc_col-sm-6\"><div class=\"vc_column-inner\"><div class=\"wpb_wrapper\"><div class='cws_textmodule cws_vc_shortcode_module  vc_custom_1604000560601' id='cws_textmodule_69ee6179a6f9d'><div class='cws_textmodule_wrapper'><div class='cws_textmodule_text text_align_left'><div class='cws_textmodule_titles display_block'><\/div><div class='cws_textmodule_content'><div class='text_content_wrapper'><h2>M\u00e9xico<\/h2>\n<ul class=\"square_style\">\n<li><strong>Address. <\/strong>Carretera al Campo 35, km 8 s\/n, Zona Industrial C.P. 81255 Los Mochis, Sinaloa. M\u00e9xico<\/li>\n<li><strong>Phone. <\/strong>Office +52 668 8160500\u00a0 Phone: 688 613176<\/li>\n<li><strong>Mail. <\/strong>ventas@vepinsa.com.mx<\/li>\n<\/ul>\n<\/div><\/div><\/div><\/div><\/div>\n\t<div class=\"wpb_raw_code wpb_content_element wpb_raw_html vc_custom_1604000474880\" >\n\t\t<div class=\"wpb_wrapper\">\n\t\t\t<iframe src=\"https:\/\/www.google.com\/maps\/embed?pb=!1m14!1m8!1m3!1d58823779.68233755!2d-108.90905800000002!3d25.85899!3m2!1i1024!2i768!4f13.1!3m3!1m2!1s0x0%3A0x7c235ed94bcc48d4!2sIndustrias%20Vepinsa%2C%20S.A.%20de%20C.V.%20Los%20Mochis%2C%20Sinaloa%20M%C3%A9xico!5e0!3m2!1ses!2sus!4v1603500424306!5m2!1ses!2sus\" width=\"400\" height=\"250\" frameborder=\"0\" style=\"border:0;\" allowfullscreen=\"\" aria-hidden=\"false\" tabindex=\"0\"><\/iframe>\n\t\t<\/div>\n\t<\/div>\n<\/div><\/div><\/div><!-- CWS Column --> <\/div><\/div><div class=\"wpb_column vc_column_container vc_col-sm-6 cws-column\"><div class=\"cws_vc_column-inner\"><div class=\"wpb_column vc_column_container vc_col-sm-6\"><div class=\"vc_column-inner\"><div class=\"wpb_wrapper\"><div class='cws_textmodule cws_vc_shortcode_module  vc_custom_1604000457433' id='cws_textmodule_69ee6179a7477'><div class='cws_textmodule_wrapper'><div class='cws_textmodule_text text_align_left'><div class='cws_textmodule_titles display_block'><\/div><div class='cws_textmodule_content'><div class='text_content_wrapper'><h2>Per\u00fa<\/h2>\n<ul class=\"square_style\">\n<li><strong>Address. <\/strong>Jr. Tomasal 654. Santiago de Surco. C.P. 15023 Lima, Per\u00fa<\/li>\n<li><strong>Phone. <\/strong>Oficina +51 991 301555<\/li>\n<li><strong>Mail. <\/strong>jesus.lopez@vepinsa.com.pe<\/li>\n<\/ul>\n<\/div><\/div><\/div><\/div><\/div><div class=\"vc_empty_space\"   style=\"height: 32px\"><span class=\"vc_empty_space_inner\"><\/span><\/div>\n\t<div class=\"wpb_raw_code wpb_content_element wpb_raw_html vc_custom_1604000579416\" >\n\t\t<div class=\"wpb_wrapper\">\n\t\t\t<iframe src=\"https:\/\/www.google.com\/maps\/embed?pb=!1m14!1m8!1m3!1d63915643.034118764!2d-77.038847!3d-12.10522!3m2!1i1024!2i768!4f13.1!3m3!1m2!1s0x0%3A0x82a6f85f8b435108!2sVepinsa%20Comercial%20S.A.C.!5e0!3m2!1ses!2sus!4v1603500379784!5m2!1ses!2sus\" width=\"400\" height=\"250\" frameborder=\"0\" style=\"border:0;\" allowfullscreen=\"\" aria-hidden=\"false\" tabindex=\"0\"><\/iframe>\n\t\t<\/div>\n\t<\/div>\n<\/div><\/div><\/div><!-- CWS Column --> <\/div><\/div><\/div><\/div><!-- CWS Row --><div class=\"cws-content\" style=\"background-size:;\"><div class=\"vc_row wpb_row vc_row-fluid\"><div class=\"wpb_column vc_column_container vc_col-sm-12 cws-column\"><div class=\"cws_vc_column-inner\"><div class=\"wpb_column vc_column_container vc_col-sm-12\"><div class=\"vc_column-inner\"><div class=\"wpb_wrapper\"><div class=\"vc_empty_space\"   style=\"height: 80px\"><span class=\"vc_empty_space_inner\"><\/span><\/div><\/div><\/div><\/div><!-- CWS Column --> <\/div><\/div><\/div><\/div>","protected":false},"excerpt":{"rendered":"Nos encantar\u00eda trabajar contigo\u00bfTienes alg\u00fan proyecto en desarrollo? Cont\u00e1ctanosEnv\u00edanos un mensaje y en breve unos de nuestros asesores se pondr\u00e1 en contacto contigo. Productos de consumo animalProductos de consumo humanoProductos de consumo agr\u00edcola Ubicaci\u00f3n de Vepinsa M\u00e9xico Direcci\u00f3n. Carretera al Campo 35, km 8 s\/n, Zona Industrial C.P. 81255 Los Mochis, Sinaloa. M\u00e9xico Tel\u00e9fono. Oficina +52 668 8160500\u00a0 Tel\u00e9fono M\u00f3vil: 688 613176 Mail. ventas@vepinsa.com.mx Per\u00fa Direcci\u00f3n. Jr. Tomasal 654. Santiago de Surco. C.P. 15023 Lima, Per\u00fa Tel\u00e9fono. Oficina +51 991 301555 Mail. jesus.lopez@vepinsa.com.pe","protected":false},"author":1,"featured_media":0,"parent":0,"menu_order":0,"comment_status":"closed","ping_status":"closed","template":"","meta":[],"_links":{"self":[{"href":"https:\/\/vepinsa.com.mx\/en\/wp-json\/wp\/v2\/pages\/4268"}],"collection":[{"href":"https:\/\/vepinsa.com.mx\/en\/wp-json\/wp\/v2\/pages"}],"about":[{"href":"https:\/\/vepinsa.com.mx\/en\/wp-json\/wp\/v2\/types\/page"}],"author":[{"embeddable":true,"href":"https:\/\/vepinsa.com.mx\/en\/wp-json\/wp\/v2\/users\/1"}],"replies":[{"embeddable":true,"href":"https:\/\/vepinsa.com.mx\/en\/wp-json\/wp\/v2\/comments?post=4268"}],"version-history":[{"count":0,"href":"https:\/\/vepinsa.com.mx\/en\/wp-json\/wp\/v2\/pages\/4268\/revisions"}],"wp:attachment":[{"href":"https:\/\/vepinsa.com.mx\/en\/wp-json\/wp\/v2\/media?parent=4268"}],"curies":[{"name":"wp","href":"https:\/\/api.w.org\/{rel}","templated":true}]}}