{"id":4461,"date":"2020-11-09T20:48:06","date_gmt":"2020-11-09T20:48:06","guid":{"rendered":"http:\/\/blog.doscucharadasymedia.com\/?page_id=4461"},"modified":"2021-03-01T18:28:34","modified_gmt":"2021-03-01T18:28:34","slug":"alianza","status":"publish","type":"page","link":"https:\/\/vepinsa.com.mx\/en\/alianza\/","title":{"rendered":"Alianza"},"content":{"rendered":"<!-- CWS Row --><div class=\"cws-content\" style=\"background-size:;\"><div data-vc-full-width=\"true\" data-vc-full-width-init=\"false\" class=\"vc_row wpb_row vc_row-fluid vc_custom_1528353495885 vc_row-o-equal-height vc_row-flex\"><div class=\"wpb_column vc_column_container vc_col-sm-6 vc_col-has-padding cws-column\"><div class=\"cws_vc_column-inner vc_custom_1601264422996\"><div class=\"wpb_column vc_column_container vc_col-sm-6\"><div class=\"vc_column-inner vc_custom_1601264422996\"><div class=\"wpb_wrapper\"><div class='cws_textmodule cws_vc_shortcode_module' id='cws_textmodule_69ee773b9a8e0'><div class='cws_textmodule_wrapper add_divider'><div class='cws_textmodule_text text_align_left'><div class='cws_textmodule_titles display_block'><h4 class='cws_textmodule_subtitle'>Commercial Alliance with<\/h4><h3 class='cws_textmodule_title'>Liptosa<\/h3><\/div><div class='cws_textmodule_content'><div class='text_content_wrapper'><ul class=\"square_style\">\n<li><em>In Peru, Vepinsa has an alliance with Liptosa, working on 3 products.<\/em><\/li>\n<\/ul>\n<p>The alliance between both companies occurs within the framework of the search for cutting-edge products with technology; using botanicals for its preparation. These products are:<\/p>\n<h4><a href=\"https:\/\/vepinsa.com.mx\/docs\/NaturColin.pdf\"><strong>Naturcolin<\/strong><\/a><\/h4>\n<p><a href=\"https:\/\/www.engormix.com\/lipidos-toledo-liptosa\/naturcolin-adyuvante-colina-nutricion-aves-cerdos-sh15031_pr35649.htm\">Go to website<\/a><\/p>\n<h4><a href=\"https:\/\/vepinsa.com.mx\/docs\/Meth.pdf\"><strong>Meth +<\/strong><\/a><\/h4>\n<p><a href=\"http:\/\/www.methplus.com\/\">Go to website<\/a><\/p>\n<h4><a href=\"https:\/\/vepinsa.com.mx\/docs\/Digestfast.pdf\"><strong>Digestfast<\/strong><\/a><\/h4>\n<p><a href=\"http:\/\/www.digestfast.es\/\">Go to website<\/a><\/p>\n<\/div><\/div><\/div><\/div><\/div><\/div><\/div><\/div><!-- CWS Column --> <\/div><\/div><div class=\"wpb_column vc_column_container vc_col-sm-6 vc_col-has-fill vc_col-has-padding vc_col-first-place cws-column\" style='background-repeat:no-repeat;background-size:cover;background-position:50% 50%;'><div class=\"cws_vc_column-inner vc_custom_1604962285030\"><div class=\"wpb_column vc_column_container vc_col-sm-6 vc_col-has-fill\"><div class=\"vc_column-inner vc_custom_1604962285030\"><div class=\"wpb_wrapper\"><\/div><\/div><\/div><!-- CWS Column --> <div class='cws-overlay-bg' style='background-color:;'><\/div><\/div><\/div><\/div><div class=\"vc_row-full-width vc_clearfix\"><\/div><\/div>","protected":false},"excerpt":{"rendered":"Alianza Comercial conLiptosa En Per\u00fa, Vepinsa tiene una alianza con Liptosa, trabajando 3 productos. La alianza entre ambas empresas se da en el marco de la b\u00fasqueda de productos de vanguardia con tecnolog\u00eda; usando bot\u00e1nicos para su preparaci\u00f3n. Estos productos son: Naturcolin Ver sitio web Meth + Ver sitio web Digestfast Ver sitio web","protected":false},"author":1,"featured_media":0,"parent":0,"menu_order":0,"comment_status":"closed","ping_status":"closed","template":"","meta":[],"_links":{"self":[{"href":"https:\/\/vepinsa.com.mx\/en\/wp-json\/wp\/v2\/pages\/4461"}],"collection":[{"href":"https:\/\/vepinsa.com.mx\/en\/wp-json\/wp\/v2\/pages"}],"about":[{"href":"https:\/\/vepinsa.com.mx\/en\/wp-json\/wp\/v2\/types\/page"}],"author":[{"embeddable":true,"href":"https:\/\/vepinsa.com.mx\/en\/wp-json\/wp\/v2\/users\/1"}],"replies":[{"embeddable":true,"href":"https:\/\/vepinsa.com.mx\/en\/wp-json\/wp\/v2\/comments?post=4461"}],"version-history":[{"count":0,"href":"https:\/\/vepinsa.com.mx\/en\/wp-json\/wp\/v2\/pages\/4461\/revisions"}],"wp:attachment":[{"href":"https:\/\/vepinsa.com.mx\/en\/wp-json\/wp\/v2\/media?parent=4461"}],"curies":[{"name":"wp","href":"https:\/\/api.w.org\/{rel}","templated":true}]}}